{"id":37,"date":"2026-01-15T01:57:03","date_gmt":"2026-01-15T09:57:03","guid":{"rendered":"https:\/\/828marketingsolutions.com\/?page_id=37"},"modified":"2026-01-16T16:00:33","modified_gmt":"2026-01-17T00:00:33","slug":"services","status":"publish","type":"page","link":"https:\/\/828marketingsolutions.com\/es\/services\/","title":{"rendered":"Servicios"},"content":{"rendered":"<section class=\"bde-section-37-103 bde-section\">\n  \n  \n\t\n\n\n\n<div class=\"section-container\"><h1 class=\"bde-heading-37-104 bde-heading\">\nNuestros Servicios\n<\/h1><img decoding=\"async\" class=\"bde-image2-37-105 bde-image2\" src=\"https:\/\/828marketingsolutions.com\/wp-content\/uploads\/2026\/01\/IMAGE-4.webp\" loading=\"lazy\" srcset=\"https:\/\/828marketingsolutions.com\/wp-content\/uploads\/2026\/01\/IMAGE-4.webp 1920w, https:\/\/828marketingsolutions.com\/wp-content\/uploads\/2026\/01\/IMAGE-4-300x200.webp 300w, https:\/\/828marketingsolutions.com\/wp-content\/uploads\/2026\/01\/IMAGE-4-1024x683.webp 1024w, https:\/\/828marketingsolutions.com\/wp-content\/uploads\/2026\/01\/IMAGE-4-768x512.webp 768w, https:\/\/828marketingsolutions.com\/wp-content\/uploads\/2026\/01\/IMAGE-4-1536x1024.webp 1536w\" sizes=\"(max-width: 1920px) 100vw, 1920px\"><\/div>\n<\/section><section class=\"bde-section-37-106 bde-section\">\n  \n  \n\t\n\n\n\n<div class=\"section-container\"><h2 class=\"bde-heading-37-107 bde-heading\">\nSoluciones Dise\u00f1adas para Impulsar el Crecimiento\n<\/h2><div class=\"bde-text-37-108 bde-text\">\nNuestros servicios est\u00e1n dise\u00f1ados para trabajar juntos como un sistema completo, combinando estrategia, creatividad y datos para construir marcas s\u00f3lidas, presencia digital y crecimiento empresarial medible.\n<\/div><div class=\"bde-post-loop-37-116 bde-post-loop\"><div class=\"bde-loop bde-loop-grid ee-posts ee-posts-grid\">    <article class=\"bde-loop-item ee-post\">\n        <div class=\"bde-div-104-101-62-104-1 bde-div bde-div-104-101\">\n  \n  \n\t\n\n\n\n<a class=\"bde-container-link-104-106-62-104-1 bde-container-link bde-container-link-104-106 breakdance-link\" href=\"https:\/\/828marketingsolutions.com\/es\/service\/industry-report\/\" target=\"_self\" data-type=\"url\">\n  \n  \n\t\n\n\n\n<div class=\"bde-div-104-107-62-104-1 bde-div bde-div-104-107\">\n  \n  \n\t\n\n\n\n\n<\/div><h3 class=\"bde-heading-104-103-62-104-1 bde-heading bde-heading-104-103\">\nIndustry Report\n<\/h3><div class=\"bde-text-104-104-62-104-1 bde-text bde-text-104-104\">\nAnalizamos su industria, competidores y las tendencias del mercado para ofrecer informaci\u00f3n clara que respalde decisiones m\u00e1s inteligentes, un posicionamiento m\u00e1s s\u00f3lido y oportunidades de crecimiento estrat\u00e9gico.\n<\/div>\n\n<\/a><a class=\"bde-text-link-104-105-62-104-1 bde-text-link bde-text-link-104-105 breakdance-link\" href=\"https:\/\/828marketingsolutions.com\/es\/service\/industry-report\/\" target=\"_self\" data-type=\"url\">\n  Aprender M\u00e1s...\n\n<\/a>\n<\/div>    <\/article>\n    <article class=\"bde-loop-item ee-post\">\n        <div class=\"bde-div-104-101-63-104-1 bde-div bde-div-104-101\">\n  \n  \n\t\n\n\n\n<a class=\"bde-container-link-104-106-63-104-1 bde-container-link bde-container-link-104-106 breakdance-link\" href=\"https:\/\/828marketingsolutions.com\/es\/service\/brand-identity-and-positioning\/\" target=\"_self\" data-type=\"url\">\n  \n  \n\t\n\n\n\n<div class=\"bde-div-104-107-63-104-1 bde-div bde-div-104-107\">\n  \n  \n\t\n\n\n\n\n<\/div><h3 class=\"bde-heading-104-103-63-104-1 bde-heading bde-heading-104-103\">\nIdentidad &amp; Posicionamiento de Marca\n<\/h3><div class=\"bde-text-104-104-63-104-1 bde-text bde-text-104-104\">\nDefinimos la identidad, el mensaje y el posicionamiento de mercado de su marca para garantizar claridad, coherencia y diferenciaci\u00f3n que resuene con su audiencia ideal.\n<\/div>\n\n<\/a><a class=\"bde-text-link-104-105-63-104-1 bde-text-link bde-text-link-104-105 breakdance-link\" href=\"https:\/\/828marketingsolutions.com\/es\/service\/brand-identity-and-positioning\/\" target=\"_self\" data-type=\"url\">\n  Aprender M\u00e1s...\n\n<\/a>\n<\/div>    <\/article>\n    <article class=\"bde-loop-item ee-post\">\n        <div class=\"bde-div-104-101-64-104-1 bde-div bde-div-104-101\">\n  \n  \n\t\n\n\n\n<a class=\"bde-container-link-104-106-64-104-1 bde-container-link bde-container-link-104-106 breakdance-link\" href=\"https:\/\/828marketingsolutions.com\/es\/service\/website-development-and-seo\/\" target=\"_self\" data-type=\"url\">\n  \n  \n\t\n\n\n\n<div class=\"bde-div-104-107-64-104-1 bde-div bde-div-104-107\">\n  \n  \n\t\n\n\n\n\n<\/div><h3 class=\"bde-heading-104-103-64-104-1 bde-heading bde-heading-104-103\">\nDesarrollo de Website &amp; SEO\n<\/h3><div class=\"bde-text-104-104-64-104-1 bde-text bde-text-104-104\">\nDise\u00f1amos y desarrollamos sitios web de alto rendimiento optimizados para la experiencia del usuario y los motores de b\u00fasqueda, convirtiendo el tr\u00e1fico en leads a trav\u00e9s de la estructura, el contenido y la optimizaci\u00f3n t\u00e9cnica.\n<\/div>\n\n<\/a><a class=\"bde-text-link-104-105-64-104-1 bde-text-link bde-text-link-104-105 breakdance-link\" href=\"https:\/\/828marketingsolutions.com\/es\/service\/website-development-and-seo\/\" target=\"_self\" data-type=\"url\">\n  Aprender M\u00e1s...\n\n<\/a>\n<\/div>    <\/article>\n    <article class=\"bde-loop-item ee-post\">\n        <div class=\"bde-div-104-101-65-104-1 bde-div bde-div-104-101\">\n  \n  \n\t\n\n\n\n<a class=\"bde-container-link-104-106-65-104-1 bde-container-link bde-container-link-104-106 breakdance-link\" href=\"https:\/\/828marketingsolutions.com\/es\/service\/social-media-management\/\" target=\"_self\" data-type=\"url\">\n  \n  \n\t\n\n\n\n<div class=\"bde-div-104-107-65-104-1 bde-div bde-div-104-107\">\n  \n  \n\t\n\n\n\n\n<\/div><h3 class=\"bde-heading-104-103-65-104-1 bde-heading bde-heading-104-103\">\nGesti\u00f3n de Redes Sociales\n<\/h3><div class=\"bde-text-104-104-65-104-1 bde-text bde-text-104-104\">\nGestionamos y optimizamos su presencia en las redes sociales con contenido estrat\u00e9gico, mensajes consistentes y seguimiento del rendimiento para generar compromiso, confianza y visibilidad de marca a largo plazo.\n<\/div>\n\n<\/a><a class=\"bde-text-link-104-105-65-104-1 bde-text-link bde-text-link-104-105 breakdance-link\" href=\"https:\/\/828marketingsolutions.com\/es\/service\/social-media-management\/\" target=\"_self\" data-type=\"url\">\n  Aprender M\u00e1s...\n\n<\/a>\n<\/div>    <\/article>\n    <article class=\"bde-loop-item ee-post\">\n        <div class=\"bde-div-104-101-66-104-1 bde-div bde-div-104-101\">\n  \n  \n\t\n\n\n\n<a class=\"bde-container-link-104-106-66-104-1 bde-container-link bde-container-link-104-106 breakdance-link\" href=\"https:\/\/828marketingsolutions.com\/es\/service\/paid-advertisement\/\" target=\"_self\" data-type=\"url\">\n  \n  \n\t\n\n\n\n<div class=\"bde-div-104-107-66-104-1 bde-div bde-div-104-107\">\n  \n  \n\t\n\n\n\n\n<\/div><h3 class=\"bde-heading-104-103-66-104-1 bde-heading bde-heading-104-103\">\nAnuncios Pagados\n<\/h3><div class=\"bde-text-104-104-66-104-1 bde-text bde-text-104-104\">\nCreamos y gestionamos campa\u00f1as publicitarias basadas en datos enfocadas en llegar a la audiencia adecuada, maximizar el ROI e impulsar un crecimiento medible en las plataformas digitales.\n<\/div>\n\n<\/a><a class=\"bde-text-link-104-105-66-104-1 bde-text-link bde-text-link-104-105 breakdance-link\" href=\"https:\/\/828marketingsolutions.com\/es\/service\/paid-advertisement\/\" target=\"_self\" data-type=\"url\">\n  Aprender M\u00e1s...\n\n<\/a>\n<\/div>    <\/article>\n    <article class=\"bde-loop-item ee-post\">\n        <div class=\"bde-div-104-101-67-104-1 bde-div bde-div-104-101\">\n  \n  \n\t\n\n\n\n<a class=\"bde-container-link-104-106-67-104-1 bde-container-link bde-container-link-104-106 breakdance-link\" href=\"https:\/\/828marketingsolutions.com\/es\/service\/pitch-deck-and-capabilities-development\/\" target=\"_self\" data-type=\"url\">\n  \n  \n\t\n\n\n\n<div class=\"bde-div-104-107-67-104-1 bde-div bde-div-104-107\">\n  \n  \n\t\n\n\n\n\n<\/div><h3 class=\"bde-heading-104-103-67-104-1 bde-heading bde-heading-104-103\">\nDesarrollo de Presentaciones\n<\/h3><div class=\"bde-text-104-104-67-104-1 bde-text bde-text-104-104\">\nElaboramos presentaciones de capacidades y pitch decks claros y persuasivos que comunican su valor, fortalecen la credibilidad y respaldan las conversaciones de ventas con confianza y claridad.\n<\/div>\n\n<\/a><a class=\"bde-text-link-104-105-67-104-1 bde-text-link bde-text-link-104-105 breakdance-link\" href=\"https:\/\/828marketingsolutions.com\/es\/service\/pitch-deck-and-capabilities-development\/\" target=\"_self\" data-type=\"url\">\n  Aprender M\u00e1s...\n\n<\/a>\n<\/div>    <\/article>\n<\/div>\r\n<\/div><\/div>\n<\/section><div class=\"bde-globalblock-37-101 bde-globalblock\"><section id=\"process\" class=\"bde-section-91-100-91-1 bde-section bde-section-91-100\" data-bde-lazy-bg=\"waiting\">\n              \n  \n        \n    \n\t\n\n  <div class=\"section-background-overlay\"><\/div>\n\n\n<div class=\"section-container\"><div class=\"bde-columns-91-101-91-1 bde-columns bde-columns-91-101\"><div class=\"bde-column-91-102-91-1 bde-column bde-column-91-102\">\n  \n  \n\t\n\n\n\n<h2 class=\"bde-heading-91-103-91-1 bde-heading bde-heading-91-103\">\nNuestro Proceso\n<\/h2>\n<\/div><div class=\"bde-column-91-104-91-1 bde-column bde-column-91-104\">\n  \n  \n\t\n\n\n\n<div class=\"bde-text-91-105-91-1 bde-text bde-text-91-105\">\nNuestro marco de crecimiento estrat\u00e9gico\n<\/div>\n<\/div><\/div><div class=\"bde-div-91-106-91-1 bde-div bde-div-91-106\">\n  \n  \n\t\n\n\n\n<div class=\"bde-icon-box-91-107-91-1 bde-icon-box bde-icon-box-91-107\">\n\n    \n            <div class=\"ee-iconbox-icon breakdance-icon-atom\" >\n    \n                    <svg xmlns=\"http:\/\/www.w3.org\/2000\/svg\" viewbox=\"0 0 512 512\"><!--! Font Awesome Free 6.5.1 by @fontawesome - https:\/\/fontawesome.com License - https:\/\/fontawesome.com\/license\/free (Icons: CC BY 4.0, Fonts: SIL OFL 1.1, Code: MIT License) Copyright 2023 Fonticons, Inc. --><path d=\"M32 32c17.7 0 32 14.3 32 32V400c0 8.8 7.2 16 16 16H480c17.7 0 32 14.3 32 32s-14.3 32-32 32H80c-44.2 0-80-35.8-80-80V64C0 46.3 14.3 32 32 32zM160 224c17.7 0 32 14.3 32 32v64c0 17.7-14.3 32-32 32s-32-14.3-32-32V256c0-17.7 14.3-32 32-32zm128-64V320c0 17.7-14.3 32-32 32s-32-14.3-32-32V160c0-17.7 14.3-32 32-32s32 14.3 32 32zm64 32c17.7 0 32 14.3 32 32v96c0 17.7-14.3 32-32 32s-32-14.3-32-32V224c0-17.7 14.3-32 32-32zM480 96V320c0 17.7-14.3 32-32 32s-32-14.3-32-32V96c0-17.7 14.3-32 32-32s32 14.3 32 32z\"\/><\/svg>\n        \n        \n        \n            <\/div>\n    \n\n<div class=\"ee-iconbox-content\">\n      <h3 class=\"ee-iconbox-title bde-h3\" >An\u00e1lisis Estrat\u00e9gico del Mercado<\/h3>\n        <div class=\"ee-iconbox-text\" >Analizamos su industria, competencia y audiencia para descubrir oportunidades de crecimiento reales y eliminar conjeturas.<\/div>\n    <\/div>\n\n<\/div><div class=\"bde-icon-box-91-108-91-1 bde-icon-box bde-icon-box-91-108\">\n\n    \n            <div class=\"ee-iconbox-icon breakdance-icon-atom\" >\n    \n                    <svg xmlns=\"http:\/\/www.w3.org\/2000\/svg\" viewbox=\"0 0 512 512\"><!--! Font Awesome Free 6.5.1 by @fontawesome - https:\/\/fontawesome.com License - https:\/\/fontawesome.com\/license\/free (Icons: CC BY 4.0, Fonts: SIL OFL 1.1, Code: MIT License) Copyright 2023 Fonticons, Inc. --><path d=\"M352 96c0 14.3-3.1 27.9-8.8 40.2L396 227.4c-23.7 25.3-54.2 44.1-88.5 53.6L256 192h0 0l-68 117.5c21.5 6.8 44.3 10.5 68.1 10.5c70.7 0 133.8-32.7 174.9-84c11.1-13.8 31.2-16 45-5s16 31.2 5 45C428.1 341.8 347 384 256 384c-35.4 0-69.4-6.4-100.7-18.1L98.7 463.7C94 471.8 87 478.4 78.6 482.6L23.2 510.3c-5 2.5-10.9 2.2-15.6-.7S0 501.5 0 496V440.6c0-8.4 2.2-16.7 6.5-24.1l60-103.7C53.7 301.6 41.8 289.3 31.2 276c-11.1-13.8-8.8-33.9 5-45s33.9-8.8 45 5c5.7 7.1 11.8 13.8 18.2 20.1l69.4-119.9c-5.6-12.2-8.8-25.8-8.8-40.2c0-53 43-96 96-96s96 43 96 96zm21 297.9c32.6-12.8 62.5-30.8 88.9-52.9l43.7 75.5c4.2 7.3 6.5 15.6 6.5 24.1V496c0 5.5-2.9 10.7-7.6 13.6s-10.6 3.2-15.6 .7l-55.4-27.7c-8.4-4.2-15.4-10.8-20.1-18.9L373 393.9zM256 128a32 32 0 1 0 0-64 32 32 0 1 0 0 64z\"\/><\/svg>\n        \n        \n        \n            <\/div>\n    \n\n<div class=\"ee-iconbox-content\">\n      <h3 class=\"ee-iconbox-title bde-h3\" >Posicionamiento y Planificaci\u00f3n Estrat\u00e9gica<\/h3>\n        <div class=\"ee-iconbox-text\" >Definimos una estrategia clara que alinea su marca, mensaje y objetivos con c\u00f3mo sus clientes ideales realmente toman decisiones.<\/div>\n    <\/div>\n\n<\/div><div class=\"bde-icon-box-91-109-91-1 bde-icon-box bde-icon-box-91-109\">\n\n    \n            <div class=\"ee-iconbox-icon breakdance-icon-atom\" >\n    \n                    <svg xmlns=\"http:\/\/www.w3.org\/2000\/svg\" viewbox=\"0 0 512 512\"><!--! Font Awesome Free 6.5.1 by @fontawesome - https:\/\/fontawesome.com License - https:\/\/fontawesome.com\/license\/free (Icons: CC BY 4.0, Fonts: SIL OFL 1.1, Code: MIT License) Copyright 2023 Fonticons, Inc. --><path d=\"M156.6 384.9L125.7 354c-8.5-8.5-11.5-20.8-7.7-32.2c3-8.9 7-20.5 11.8-33.8L24 288c-8.6 0-16.6-4.6-20.9-12.1s-4.2-16.7 .2-24.1l52.5-88.5c13-21.9 36.5-35.3 61.9-35.3l82.3 0c2.4-4 4.8-7.7 7.2-11.3C289.1-4.1 411.1-8.1 483.9 5.3c11.6 2.1 20.6 11.2 22.8 22.8c13.4 72.9 9.3 194.8-111.4 276.7c-3.5 2.4-7.3 4.8-11.3 7.2v82.3c0 25.4-13.4 49-35.3 61.9l-88.5 52.5c-7.4 4.4-16.6 4.5-24.1 .2s-12.1-12.2-12.1-20.9V380.8c-14.1 4.9-26.4 8.9-35.7 11.9c-11.2 3.6-23.4 .5-31.8-7.8zM384 168a40 40 0 1 0 0-80 40 40 0 1 0 0 80z\"\/><\/svg>\n        \n        \n        \n            <\/div>\n    \n\n<div class=\"ee-iconbox-content\">\n      <h3 class=\"ee-iconbox-title bde-h3\" >Ejecuci\u00f3n de Alto Rendimiento<\/h3>\n        <div class=\"ee-iconbox-text\" >Ejecutamos en los canales adecuados (SEO, paid media, contenido y web) con consistencia y precisi\u00f3n.<\/div>\n    <\/div>\n\n<\/div><div class=\"bde-icon-box-91-110-91-1 bde-icon-box bde-icon-box-91-110\">\n\n    \n            <div class=\"ee-iconbox-icon breakdance-icon-atom\" >\n    \n                    <svg xmlns=\"http:\/\/www.w3.org\/2000\/svg\" viewbox=\"0 0 576 512\"><!--! Font Awesome Free 6.5.1 by @fontawesome - https:\/\/fontawesome.com License - https:\/\/fontawesome.com\/license\/free (Icons: CC BY 4.0, Fonts: SIL OFL 1.1, Code: MIT License) Copyright 2023 Fonticons, Inc. --><path d=\"M384 160c-17.7 0-32-14.3-32-32s14.3-32 32-32H544c17.7 0 32 14.3 32 32V288c0 17.7-14.3 32-32 32s-32-14.3-32-32V205.3L342.6 374.6c-12.5 12.5-32.8 12.5-45.3 0L192 269.3 54.6 406.6c-12.5 12.5-32.8 12.5-45.3 0s-12.5-32.8 0-45.3l160-160c12.5-12.5 32.8-12.5 45.3 0L320 306.7 466.7 160H384z\"\/><\/svg>\n        \n        \n        \n            <\/div>\n    \n\n<div class=\"ee-iconbox-content\">\n      <h3 class=\"ee-iconbox-title bde-h3\" >Medici\u00f3n, Optimizaci\u00f3n y Escala<\/h3>\n        <div class=\"ee-iconbox-text\" >Realizamos un seguimiento del rendimiento, optimizamos continuamente y escalamos lo que funciona para impulsar un crecimiento sostenible y rentable.<\/div>\n    <\/div>\n\n<\/div>\n<\/div><\/div>\n<\/section><\/div><div class=\"bde-globalblock-37-102 bde-globalblock\"><section class=\"bde-section-92-100-92-1 bde-section bde-section-92-100\">\n  \n  \n\t\n\n\n\n<div class=\"section-container\"><div class=\"bde-columns-92-101-92-1 bde-columns bde-columns-92-101\"><div class=\"bde-column-92-102-92-1 bde-column bde-column-92-102\">\n  \n  \n\t\n\n\n\n<h2 class=\"bde-heading-92-103-92-1 bde-heading bde-heading-92-103\">\n\u00bfPor qu\u00e9 828 Marketing Solutions?\n<\/h2><div class=\"bde-icon-box-92-104-92-1 bde-icon-box bde-icon-box-92-104\">\n\n    \n            <div class=\"ee-iconbox-icon breakdance-icon-atom\" >\n    \n                    <svg xmlns=\"http:\/\/www.w3.org\/2000\/svg\" viewbox=\"0 0 448 512\"><!--! Font Awesome Free 6.5.1 by @fontawesome - https:\/\/fontawesome.com License - https:\/\/fontawesome.com\/license\/free (Icons: CC BY 4.0, Fonts: SIL OFL 1.1, Code: MIT License) Copyright 2023 Fonticons, Inc. --><path d=\"M96 48L82.7 61.3C70.7 73.3 64 89.5 64 106.5V238.9c0 10.7 5.3 20.7 14.2 26.6l10.6 7c14.3 9.6 32.7 10.7 48.1 3l3.2-1.6c2.6-1.3 5-2.8 7.3-4.5l49.4-37c6.6-5 15.7-5 22.3 0c10.2 7.7 9.9 23.1-.7 30.3L90.4 350C73.9 361.3 64 380 64 400H384l28.9-159c2.1-11.3 3.1-22.8 3.1-34.3V192C416 86 330 0 224 0H83.8C72.9 0 64 8.9 64 19.8c0 7.5 4.2 14.3 10.9 17.7L96 48zm24 68a20 20 0 1 1 40 0 20 20 0 1 1 -40 0zM22.6 473.4c-4.2 4.2-6.6 10-6.6 16C16 501.9 26.1 512 38.6 512H409.4c12.5 0 22.6-10.1 22.6-22.6c0-6-2.4-11.8-6.6-16L384 432H64L22.6 473.4z\"\/><\/svg>\n        \n        \n        \n            <\/div>\n    \n\n<div class=\"ee-iconbox-content\">\n      <h3 class=\"ee-iconbox-title bde-h3\" >Estrategia antes que T\u00e1ctica<\/h3>\n        <div class=\"ee-iconbox-text\" >No realizamos campa\u00f1as sin un rumbo definido. Cada acci\u00f3n contribuye a tus objetivos comerciales.<\/div>\n    <\/div>\n\n<\/div><div class=\"bde-icon-box-92-105-92-1 bde-icon-box bde-icon-box-92-105\">\n\n    \n            <div class=\"ee-iconbox-icon breakdance-icon-atom\" >\n    \n                    <svg xmlns=\"http:\/\/www.w3.org\/2000\/svg\" viewbox=\"0 0 640 512\"><!--! Font Awesome Free 6.5.1 by @fontawesome - https:\/\/fontawesome.com License - https:\/\/fontawesome.com\/license\/free (Icons: CC BY 4.0, Fonts: SIL OFL 1.1, Code: MIT License) Copyright 2023 Fonticons, Inc. --><path d=\"M0 128C0 92.7 28.7 64 64 64H256h48 16H576c35.3 0 64 28.7 64 64V384c0 35.3-28.7 64-64 64H320 304 256 64c-35.3 0-64-28.7-64-64V128zm320 0V384H576V128H320zM178.3 175.9c-3.2-7.2-10.4-11.9-18.3-11.9s-15.1 4.7-18.3 11.9l-64 144c-4.5 10.1 .1 21.9 10.2 26.4s21.9-.1 26.4-10.2l8.9-20.1h73.6l8.9 20.1c4.5 10.1 16.3 14.6 26.4 10.2s14.6-16.3 10.2-26.4l-64-144zM160 233.2L179 276H141l19-42.8zM448 164c11 0 20 9 20 20v4h44 16c11 0 20 9 20 20s-9 20-20 20h-2l-1.6 4.5c-8.9 24.4-22.4 46.6-39.6 65.4c.9 .6 1.8 1.1 2.7 1.6l18.9 11.3c9.5 5.7 12.5 18 6.9 27.4s-18 12.5-27.4 6.9l-18.9-11.3c-4.5-2.7-8.8-5.5-13.1-8.5c-10.6 7.5-21.9 14-34 19.4l-3.6 1.6c-10.1 4.5-21.9-.1-26.4-10.2s.1-21.9 10.2-26.4l3.6-1.6c6.4-2.9 12.6-6.1 18.5-9.8l-12.2-12.2c-7.8-7.8-7.8-20.5 0-28.3s20.5-7.8 28.3 0l14.6 14.6 .5 .5c12.4-13.1 22.5-28.3 29.8-45H448 376c-11 0-20-9-20-20s9-20 20-20h52v-4c0-11 9-20 20-20z\"\/><\/svg>\n        \n        \n        \n            <\/div>\n    \n\n<div class=\"ee-iconbox-content\">\n      <h3 class=\"ee-iconbox-title bde-h3\" >Experiencia Biling\u00fce e Intercultural<\/h3>\n        <div class=\"ee-iconbox-text\" >Operamos con fluidez en ingl\u00e9s y espa\u00f1ol, ayudando a las marcas a conectarse de forma aut\u00e9ntica en todos los mercados.<\/div>\n    <\/div>\n\n<\/div><div class=\"bde-icon-box-92-106-92-1 bde-icon-box bde-icon-box-92-106\">\n\n    \n            <div class=\"ee-iconbox-icon breakdance-icon-atom\" >\n    \n                    <svg xmlns=\"http:\/\/www.w3.org\/2000\/svg\" viewbox=\"0 0 640 512\"><!--! Font Awesome Free 6.5.1 by @fontawesome - https:\/\/fontawesome.com License - https:\/\/fontawesome.com\/license\/free (Icons: CC BY 4.0, Fonts: SIL OFL 1.1, Code: MIT License) Copyright 2023 Fonticons, Inc. --><path d=\"M308.5 135.3c7.1-6.3 9.9-16.2 6.2-25c-2.3-5.3-4.8-10.5-7.6-15.5L304 89.4c-3-5-6.3-9.9-9.8-14.6c-5.7-7.6-15.7-10.1-24.7-7.1l-28.2 9.3c-10.7-8.8-23-16-36.2-20.9L199 27.1c-1.9-9.3-9.1-16.7-18.5-17.8C173.9 8.4 167.2 8 160.4 8h-.7c-6.8 0-13.5 .4-20.1 1.2c-9.4 1.1-16.6 8.6-18.5 17.8L115 56.1c-13.3 5-25.5 12.1-36.2 20.9L50.5 67.8c-9-3-19-.5-24.7 7.1c-3.5 4.7-6.8 9.6-9.9 14.6l-3 5.3c-2.8 5-5.3 10.2-7.6 15.6c-3.7 8.7-.9 18.6 6.2 25l22.2 19.8C32.6 161.9 32 168.9 32 176s.6 14.1 1.7 20.9L11.5 216.7c-7.1 6.3-9.9 16.2-6.2 25c2.3 5.3 4.8 10.5 7.6 15.6l3 5.2c3 5.1 6.3 9.9 9.9 14.6c5.7 7.6 15.7 10.1 24.7 7.1l28.2-9.3c10.7 8.8 23 16 36.2 20.9l6.1 29.1c1.9 9.3 9.1 16.7 18.5 17.8c6.7 .8 13.5 1.2 20.4 1.2s13.7-.4 20.4-1.2c9.4-1.1 16.6-8.6 18.5-17.8l6.1-29.1c13.3-5 25.5-12.1 36.2-20.9l28.2 9.3c9 3 19 .5 24.7-7.1c3.5-4.7 6.8-9.5 9.8-14.6l3.1-5.4c2.8-5 5.3-10.2 7.6-15.5c3.7-8.7 .9-18.6-6.2-25l-22.2-19.8c1.1-6.8 1.7-13.8 1.7-20.9s-.6-14.1-1.7-20.9l22.2-19.8zM112 176a48 48 0 1 1 96 0 48 48 0 1 1 -96 0zM504.7 500.5c6.3 7.1 16.2 9.9 25 6.2c5.3-2.3 10.5-4.8 15.5-7.6l5.4-3.1c5-3 9.9-6.3 14.6-9.8c7.6-5.7 10.1-15.7 7.1-24.7l-9.3-28.2c8.8-10.7 16-23 20.9-36.2l29.1-6.1c9.3-1.9 16.7-9.1 17.8-18.5c.8-6.7 1.2-13.5 1.2-20.4s-.4-13.7-1.2-20.4c-1.1-9.4-8.6-16.6-17.8-18.5L583.9 307c-5-13.3-12.1-25.5-20.9-36.2l9.3-28.2c3-9 .5-19-7.1-24.7c-4.7-3.5-9.6-6.8-14.6-9.9l-5.3-3c-5-2.8-10.2-5.3-15.6-7.6c-8.7-3.7-18.6-.9-25 6.2l-19.8 22.2c-6.8-1.1-13.8-1.7-20.9-1.7s-14.1 .6-20.9 1.7l-19.8-22.2c-6.3-7.1-16.2-9.9-25-6.2c-5.3 2.3-10.5 4.8-15.6 7.6l-5.2 3c-5.1 3-9.9 6.3-14.6 9.9c-7.6 5.7-10.1 15.7-7.1 24.7l9.3 28.2c-8.8 10.7-16 23-20.9 36.2L315.1 313c-9.3 1.9-16.7 9.1-17.8 18.5c-.8 6.7-1.2 13.5-1.2 20.4s.4 13.7 1.2 20.4c1.1 9.4 8.6 16.6 17.8 18.5l29.1 6.1c5 13.3 12.1 25.5 20.9 36.2l-9.3 28.2c-3 9-.5 19 7.1 24.7c4.7 3.5 9.5 6.8 14.6 9.8l5.4 3.1c5 2.8 10.2 5.3 15.5 7.6c8.7 3.7 18.6 .9 25-6.2l19.8-22.2c6.8 1.1 13.8 1.7 20.9 1.7s14.1-.6 20.9-1.7l19.8 22.2zM464 304a48 48 0 1 1 0 96 48 48 0 1 1 0-96z\"\/><\/svg>\n        \n        \n        \n            <\/div>\n    \n\n<div class=\"ee-iconbox-content\">\n      <h3 class=\"ee-iconbox-title bde-h3\" >Soluciones 100% Personalizadas<\/h3>\n        <div class=\"ee-iconbox-text\" >Cada estrategia est\u00e1 dise\u00f1ada espec\u00edficamente para su negocio, sin plantillas ni manuales gen\u00e9ricos.<\/div>\n    <\/div>\n\n<\/div><div class=\"bde-icon-box-92-107-92-1 bde-icon-box bde-icon-box-92-107\">\n\n    \n            <div class=\"ee-iconbox-icon breakdance-icon-atom\" >\n    \n                    <svg xmlns=\"http:\/\/www.w3.org\/2000\/svg\" viewbox=\"0 0 640 512\"><!--! Font Awesome Free 6.5.1 by @fontawesome - https:\/\/fontawesome.com License - https:\/\/fontawesome.com\/license\/free (Icons: CC BY 4.0, Fonts: SIL OFL 1.1, Code: MIT License) Copyright 2023 Fonticons, Inc. --><path d=\"M544 248v3.3l69.7-69.7c21.9-21.9 21.9-57.3 0-79.2L535.6 24.4c-21.9-21.9-57.3-21.9-79.2 0L416.3 64.5c-2.7-.3-5.5-.5-8.3-.5H296c-37.1 0-67.6 28-71.6 64H224V248c0 22.1 17.9 40 40 40s40-17.9 40-40V176c0 0 0-.1 0-.1V160l16 0 136 0c0 0 0 0 .1 0H464c44.2 0 80 35.8 80 80v8zM336 192v56c0 39.8-32.2 72-72 72s-72-32.2-72-72V129.4c-35.9 6.2-65.8 32.3-76 68.2L99.5 255.2 26.3 328.4c-21.9 21.9-21.9 57.3 0 79.2l78.1 78.1c21.9 21.9 57.3 21.9 79.2 0l37.7-37.7c.9 0 1.8 .1 2.7 .1H384c26.5 0 48-21.5 48-48c0-5.6-1-11-2.7-16H432c26.5 0 48-21.5 48-48c0-12.8-5-24.4-13.2-33c25.7-5 45.1-27.6 45.2-54.8v-.4c-.1-30.8-25.1-55.8-56-55.8c0 0 0 0 0 0l-120 0z\"\/><\/svg>\n        \n        \n        \n            <\/div>\n    \n\n<div class=\"ee-iconbox-content\">\n      <h3 class=\"ee-iconbox-title bde-h3\" >Totalmente Alineado con su Marca<\/h3>\n        <div class=\"ee-iconbox-text\" >Nos integramos a tu visi\u00f3n, valores y objetivos para que tu marca se comunique con claridad y consistencia.<\/div>\n    <\/div>\n\n<\/div>\n<\/div><div class=\"bde-column-92-108-92-1 bde-column bde-column-92-108\">\n  \n  \n\t\n\n\n\n<img decoding=\"async\" class=\"bde-image2-92-109-92-1 bde-image2 bde-image2-92-109\" src=\"https:\/\/828marketingsolutions.com\/wp-content\/uploads\/2026\/01\/IMAGE-2-768x1152.webp\" loading=\"lazy\" srcset=\"https:\/\/828marketingsolutions.com\/wp-content\/uploads\/2026\/01\/IMAGE-2-768x1152.webp 768w, https:\/\/828marketingsolutions.com\/wp-content\/uploads\/2026\/01\/IMAGE-2-200x300.webp 200w, https:\/\/828marketingsolutions.com\/wp-content\/uploads\/2026\/01\/IMAGE-2-683x1024.webp 683w, https:\/\/828marketingsolutions.com\/wp-content\/uploads\/2026\/01\/IMAGE-2-1024x1536.webp 1024w\" sizes=\"(max-width: 768px) 100vw, 768px\">\n<\/div><\/div><\/div>\n<\/section><\/div>","protected":false},"excerpt":{"rendered":"<p>Our Services Solutions Built to Drive Growth Our services are designed to work together as a complete system, combining strategy, creativity, and data to build strong brands, digital presence, and measurable business growth. Industry Report We analyze your industry, competitors, and market trends to deliver clear insights that support smarter decisions, stronger positioning, and strategic [&hellip;]<\/p>\n","protected":false},"author":1,"featured_media":0,"parent":0,"menu_order":3,"comment_status":"closed","ping_status":"closed","template":"","meta":{"_acf_changed":false,"_breakdance_hide_in_design_set":false,"_breakdance_tags":"","footnotes":""},"class_list":["post-37","page","type-page","status-publish","hentry"],"acf":[],"_links":{"self":[{"href":"https:\/\/828marketingsolutions.com\/es\/wp-json\/wp\/v2\/pages\/37","targetHints":{"allow":["GET"]}}],"collection":[{"href":"https:\/\/828marketingsolutions.com\/es\/wp-json\/wp\/v2\/pages"}],"about":[{"href":"https:\/\/828marketingsolutions.com\/es\/wp-json\/wp\/v2\/types\/page"}],"author":[{"embeddable":true,"href":"https:\/\/828marketingsolutions.com\/es\/wp-json\/wp\/v2\/users\/1"}],"replies":[{"embeddable":true,"href":"https:\/\/828marketingsolutions.com\/es\/wp-json\/wp\/v2\/comments?post=37"}],"version-history":[{"count":5,"href":"https:\/\/828marketingsolutions.com\/es\/wp-json\/wp\/v2\/pages\/37\/revisions"}],"predecessor-version":[{"id":132,"href":"https:\/\/828marketingsolutions.com\/es\/wp-json\/wp\/v2\/pages\/37\/revisions\/132"}],"wp:attachment":[{"href":"https:\/\/828marketingsolutions.com\/es\/wp-json\/wp\/v2\/media?parent=37"}],"curies":[{"name":"wp","href":"https:\/\/api.w.org\/{rel}","templated":true}]}}